{"id":68,"date":"2023-11-28T15:38:31","date_gmt":"2023-11-28T14:38:31","guid":{"rendered":"https:\/\/tiwanakuturismo.com\/?page_id=68"},"modified":"2023-12-13T20:53:20","modified_gmt":"2023-12-13T19:53:20","slug":"tiwanaku-y-el-lago-titicaca","status":"publish","type":"page","link":"https:\/\/tiwanakuturismo.com\/index.php\/tiwanaku-y-el-lago-titicaca\/","title":{"rendered":"Tiwanaku y el Lago Titicaca"},"content":{"rendered":"<p>[et_pb_section fb_built=\u00bb1&#8243; _builder_version=\u00bb4.23.1&#8243; _module_preset=\u00bbdefault\u00bb custom_padding=\u00bb0px||0px|||\u00bb global_colors_info=\u00bb{}\u00bb][et_pb_row _builder_version=\u00bb4.23.1&#8243; _module_preset=\u00bbdefault\u00bb width=\u00bb100%\u00bb max_width=\u00bb100%\u00bb custom_padding=\u00bb0px||0px|||\u00bb global_colors_info=\u00bb{}\u00bb][et_pb_column type=\u00bb4_4&#8243; _builder_version=\u00bb4.23.1&#8243; _module_preset=\u00bbdefault\u00bb global_colors_info=\u00bb{}\u00bb][revslider_divi revslider_divi=\u00bb%91rev_slider alias=%22project-carousel1%22 slidertitle=%22Slide principal%22%93%91\/rev_slider%93&#8243; _builder_version=\u00bb4.23.1&#8243; _module_preset=\u00bbdefault\u00bb global_colors_info=\u00bb{}\u00bb][\/revslider_divi][\/et_pb_column][\/et_pb_row][\/et_pb_section][et_pb_section fb_built=\u00bb1&#8243; module_id=\u00bblago-sagrado\u00bb _builder_version=\u00bb4.23.1&#8243; _module_preset=\u00bbdefault\u00bb box_shadow_style=\u00bbpreset3&#8243; box_shadow_vertical=\u00bb-20px\u00bb box_shadow_blur=\u00bb39px\u00bb box_shadow_color=\u00bbrgba(0,0,0,0.06)\u00bb global_colors_info=\u00bb{}\u00bb][et_pb_row column_structure=\u00bb1_5,3_5,1_5&#8243; use_custom_gutter=\u00bbon\u00bb gutter_width=\u00bb1&#8243; make_equal=\u00bbon\u00bb _builder_version=\u00bb4.23.1&#8243; _module_preset=\u00bbdefault\u00bb global_colors_info=\u00bb{}\u00bb][et_pb_column type=\u00bb1_5&#8243; _builder_version=\u00bb4.23.1&#8243; _module_preset=\u00bbdefault\u00bb global_colors_info=\u00bb{}\u00bb][et_pb_divider color=\u00bb#3383B6&#8243; divider_position=\u00bbcenter\u00bb divider_weight=\u00bb6px\u00bb _builder_version=\u00bb4.23.1&#8243; _module_preset=\u00bbdefault\u00bb width=\u00bb80%\u00bb module_alignment=\u00bbcenter\u00bb custom_margin=\u00bb22px||||false|false\u00bb global_colors_info=\u00bb{}\u00bb][\/et_pb_divider][\/et_pb_column][et_pb_column type=\u00bb3_5&#8243; _builder_version=\u00bb4.23.1&#8243; _module_preset=\u00bbdefault\u00bb global_colors_info=\u00bb{}\u00bb][et_pb_text _builder_version=\u00bb4.23.1&#8243; _module_preset=\u00bbdefault\u00bb header_2_font=\u00bb|800||on|||||\u00bb header_2_text_align=\u00bbcenter\u00bb header_2_text_color=\u00bb#AFAFAF\u00bb header_2_font_size=\u00bb68px\u00bb custom_margin=\u00bb||||false|false\u00bb animation_style=\u00bbzoom\u00bb header_2_font_size_tablet=\u00bb\u00bb header_2_font_size_phone=\u00bb50px\u00bb header_2_font_size_last_edited=\u00bbon|phone\u00bb global_colors_info=\u00bb{}\u00bb]<\/p>\n<h2>EL LAGO NAVEGABLE M\u00c1S ALTO DEL MUNDO<\/h2>\n<p>[\/et_pb_text][et_pb_text _builder_version=\u00bb4.23.1&#8243; _module_preset=\u00bbdefault\u00bb text_font=\u00bb||||||||\u00bb text_text_color=\u00bb#5E5E5E\u00bb text_font_size=\u00bb20px\u00bb header_4_font=\u00bb|||on|||||\u00bb text_orientation=\u00bbcenter\u00bb custom_margin=\u00bb||35px|||\u00bb global_colors_info=\u00bb{}\u00bb]<\/p>\n<p>Visitar el <strong>Lago Titicaca<\/strong> es descubrir el lago navegable m\u00e1s alto del mundo a 3.841 metros sobre el nivel del mar. Es el segundo lago m\u00e1s grande de Sudam\u00e9rica con sus m\u00e1s de 8 mil kil\u00f3metros cuadrados que son compartidos por <strong>Bolivia y Per\u00fa<\/strong>.<\/p>\n<p>Conocido como <strong>\u201cLago Sagrado\u201d<\/strong> debido a la gran importancia que tuvo para las culturas antiguas como la de Tiwanaku y la Inca.<\/p>\n<p>Te invitamos a navegar por el <strong>Lago Titicaca<\/strong> en compa\u00f1\u00eda de gu\u00edas locales, conoce la avifauna andina y las cultura milenarias de los andes.<\/p>\n<p>[\/et_pb_text][et_pb_button button_url=\u00bb@ET-DC@eyJkeW5hbWljIjp0cnVlLCJjb250ZW50IjoicG9zdF9saW5rX3VybF9wYWdlIiwic2V0dGluZ3MiOnsicG9zdF9pZCI6IjgyOSJ9fQ==@\u00bb button_text=\u00bbPlanifica tu viaje ahora\u00bb button_alignment=\u00bbcenter\u00bb _builder_version=\u00bb4.23.1&#8243; _dynamic_attributes=\u00bbbutton_url\u00bb _module_preset=\u00bbdefault\u00bb custom_button=\u00bbon\u00bb button_text_size=\u00bb18px\u00bb button_text_color=\u00bb#EFEFEF\u00bb button_bg_color=\u00bb#3383B6&#8243; button_border_width=\u00bb0px\u00bb button_border_radius=\u00bb26px\u00bb button_font=\u00bb|||on|||||\u00bb locked=\u00bboff\u00bb global_colors_info=\u00bb{}\u00bb][\/et_pb_button][\/et_pb_column][et_pb_column type=\u00bb1_5&#8243; _builder_version=\u00bb4.23.1&#8243; _module_preset=\u00bbdefault\u00bb global_colors_info=\u00bb{}\u00bb][et_pb_divider color=\u00bb#3383B6&#8243; divider_position=\u00bbcenter\u00bb divider_weight=\u00bb6px\u00bb _builder_version=\u00bb4.23.1&#8243; _module_preset=\u00bbdefault\u00bb width=\u00bb80%\u00bb module_alignment=\u00bbcenter\u00bb custom_margin=\u00bb22px||||false|false\u00bb global_colors_info=\u00bb{}\u00bb][\/et_pb_divider][\/et_pb_column][\/et_pb_row][\/et_pb_section][et_pb_section fb_built=\u00bb1&#8243; _builder_version=\u00bb4.23.1&#8243; _module_preset=\u00bbdefault\u00bb background_enable_color=\u00bboff\u00bb background_image=\u00bbhttp:\/\/tiwanakuturismo.com\/wp-content\/uploads\/2023\/12\/lago_titicaca_y_tiwnaku.jpg\u00bb parallax=\u00bbon\u00bb background_enable_video_mp4=\u00bboff\u00bb background_enable_video_webm=\u00bboff\u00bb background_video_width=\u00bb100%\u00bb background_video_height=\u00bb50%\u00bb height=\u00bb80vh\u00bb custom_margin=\u00bb|55px||55px|true|true\u00bb custom_padding=\u00bb||||false|false\u00bb hover_enabled=\u00bb0&#8243; border_radii=\u00bbon|100px|100px|100px|100px\u00bb border_width_all=\u00bb33px\u00bb border_color_all=\u00bb#FFFFFF\u00bb global_colors_info=\u00bb{}\u00bb custom_margin_last_edited=\u00bbon|phone\u00bb custom_margin_phone=\u00bb|0px||0px|true|true\u00bb sticky_enabled=\u00bb0&#8243; custom_margin_tablet=\u00bb|55px||55px|true|true\u00bb][et_pb_row _builder_version=\u00bb4.23.1&#8243; _module_preset=\u00bbdefault\u00bb global_colors_info=\u00bb{}\u00bb][et_pb_column type=\u00bb4_4&#8243; _builder_version=\u00bb4.23.1&#8243; _module_preset=\u00bbdefault\u00bb global_colors_info=\u00bb{}\u00bb][\/et_pb_column][\/et_pb_row][\/et_pb_section][et_pb_section fb_built=\u00bb1&#8243; _builder_version=\u00bb4.23.1&#8243; _module_preset=\u00bbdefault\u00bb custom_padding=\u00bb150px|||||\u00bb global_colors_info=\u00bb{}\u00bb background_image=\u00bbhttp:\/\/tiwanakuturismo.com\/wp-content\/uploads\/2023\/12\/imagen_contacto_lago.jpg\u00bb background_position=\u00bbtop_center\u00bb title_text=\u00bbimagen_contacto_lago\u00bb hover_enabled=\u00bb0&#8243; sticky_enabled=\u00bb0&#8243;][et_pb_row column_structure=\u00bb1_3,1_3,1_3&#8243; use_custom_gutter=\u00bbon\u00bb gutter_width=\u00bb1&#8243; make_equal=\u00bbon\u00bb _builder_version=\u00bb4.23.1&#8243; _module_preset=\u00bbdefault\u00bb width=\u00bb100%\u00bb max_width=\u00bb100%\u00bb module_alignment=\u00bbcenter\u00bb custom_padding=\u00bb94px|||||\u00bb global_colors_info=\u00bb{}\u00bb][et_pb_column type=\u00bb1_3&#8243; _builder_version=\u00bb4.23.1&#8243; _module_preset=\u00bbdefault\u00bb global_colors_info=\u00bb{}\u00bb][\/et_pb_column][et_pb_column type=\u00bb1_3&#8243; _builder_version=\u00bb4.23.1&#8243; _module_preset=\u00bbdefault\u00bb global_colors_info=\u00bb{}\u00bb][et_pb_blurb title=\u00bbINFORMACION TUR\u00cdSTICA OFICINA MUNICIPAL DE TURISMO\u00bb use_icon=\u00bbon\u00bb font_icon=\u00bb&#xf05a;||fa||900&#8243; icon_color=\u00bb#FFFFFF\u00bb image_icon_background_color=\u00bbRGBA(255,255,255,0)\u00bb icon_placement=\u00bbleft\u00bb image_icon_width=\u00bb29px\u00bb _builder_version=\u00bb4.23.1&#8243; _module_preset=\u00bbdefault\u00bb header_font=\u00bbMontserrat|700||on|||||\u00bb header_text_color=\u00bb#FFFFFF\u00bb body_font=\u00bb||||||||\u00bb body_text_color=\u00bb#FFFFFF\u00bb body_font_size=\u00bb16px\u00bb body_link_font=\u00bb|800|||on||||\u00bb body_link_text_color=\u00bb#FFFFFF\u00bb global_colors_info=\u00bb{}\u00bb global_module=\u00bb1103&#8243; theme_builder_area=\u00bbpost_content\u00bb]<\/p>\n<p><strong>Direcci\u00f3n:<\/strong> Alcald\u00eda Municipal, frente a la plaza principal<br \/>Atenci\u00f3n de lunes a viernes 08:00 a 12:00 hrs \u2013 14:30 a 18:30 hrs.<br \/><strong>Tel\u00e9fono:<\/strong> (+591) 2895102, (+591) 74077252<br \/><a href=\"https:\/\/tiahuanacu.gob.bo\" target=\"_blank\" rel=\"noopener\">https:\/\/tiahuanacu.gob.bo<\/a><\/p>\n<p>[\/et_pb_blurb][\/et_pb_column][et_pb_column type=\u00bb1_3&#8243; _builder_version=\u00bb4.23.1&#8243; _module_preset=\u00bbdefault\u00bb global_colors_info=\u00bb{}\u00bb][\/et_pb_column][\/et_pb_row][\/et_pb_section]<\/p>\n","protected":false},"excerpt":{"rendered":"<p>\u00bfQu\u00e9 otros lugares para visitar est\u00e1n cerca al Lago Titicaca?<br \/>\nTiwanaku es el sitio arqueol\u00f3gico m\u00e1s importante de Bolivia y se encuentra cercano al Lago Titicaca. Planifica tu viaje ahora y conoce la cultura y naturaleza de Bolivia.<\/p>\n","protected":false},"author":1,"featured_media":820,"parent":0,"menu_order":0,"comment_status":"closed","ping_status":"closed","template":"page-template-blank.php","meta":{"_et_pb_use_builder":"on","_et_pb_old_content":"","_et_gb_content_width":"","footnotes":""},"class_list":["post-68","page","type-page","status-publish","has-post-thumbnail","hentry"],"_links":{"self":[{"href":"https:\/\/tiwanakuturismo.com\/index.php\/wp-json\/wp\/v2\/pages\/68","targetHints":{"allow":["GET"]}}],"collection":[{"href":"https:\/\/tiwanakuturismo.com\/index.php\/wp-json\/wp\/v2\/pages"}],"about":[{"href":"https:\/\/tiwanakuturismo.com\/index.php\/wp-json\/wp\/v2\/types\/page"}],"author":[{"embeddable":true,"href":"https:\/\/tiwanakuturismo.com\/index.php\/wp-json\/wp\/v2\/users\/1"}],"replies":[{"embeddable":true,"href":"https:\/\/tiwanakuturismo.com\/index.php\/wp-json\/wp\/v2\/comments?post=68"}],"version-history":[{"count":22,"href":"https:\/\/tiwanakuturismo.com\/index.php\/wp-json\/wp\/v2\/pages\/68\/revisions"}],"predecessor-version":[{"id":1289,"href":"https:\/\/tiwanakuturismo.com\/index.php\/wp-json\/wp\/v2\/pages\/68\/revisions\/1289"}],"wp:featuredmedia":[{"embeddable":true,"href":"https:\/\/tiwanakuturismo.com\/index.php\/wp-json\/wp\/v2\/media\/820"}],"wp:attachment":[{"href":"https:\/\/tiwanakuturismo.com\/index.php\/wp-json\/wp\/v2\/media?parent=68"}],"curies":[{"name":"wp","href":"https:\/\/api.w.org\/{rel}","templated":true}]}}