{"id":64,"date":"2023-11-28T15:37:54","date_gmt":"2023-11-28T14:37:54","guid":{"rendered":"https:\/\/tiwanakuturismo.com\/?page_id=64"},"modified":"2025-12-27T16:27:01","modified_gmt":"2025-12-27T15:27:01","slug":"turismo-ornitologico","status":"publish","type":"page","link":"https:\/\/tiwanakuturismo.com\/index.php\/turismo-ornitologico\/","title":{"rendered":"Turismo ornitol\u00f3gico"},"content":{"rendered":"<p>[et_pb_section fb_built=\u00bb1&#8243; _builder_version=\u00bb4.23.1&#8243; _module_preset=\u00bbdefault\u00bb custom_padding=\u00bb0px||0px|||\u00bb global_colors_info=\u00bb{}\u00bb][et_pb_row _builder_version=\u00bb4.23.1&#8243; _module_preset=\u00bbdefault\u00bb width=\u00bb100%\u00bb max_width=\u00bb100%\u00bb custom_padding=\u00bb0px||0px|||\u00bb global_colors_info=\u00bb{}\u00bb][et_pb_column type=\u00bb4_4&#8243; _builder_version=\u00bb4.23.1&#8243; _module_preset=\u00bbdefault\u00bb global_colors_info=\u00bb{}\u00bb][revslider_divi revslider_divi=\u00bb%91rev_slider alias=%22project-carousel1%22 slidertitle=%22Slide principal%22%93%91\/rev_slider%93&#8243; _builder_version=\u00bb4.23.1&#8243; _module_preset=\u00bbdefault\u00bb global_colors_info=\u00bb{}\u00bb][\/revslider_divi][\/et_pb_column][\/et_pb_row][\/et_pb_section][et_pb_section fb_built=\u00bb1&#8243; module_id=\u00bbornitologia\u00bb _builder_version=\u00bb4.23.1&#8243; _module_preset=\u00bbdefault\u00bb box_shadow_style=\u00bbpreset3&#8243; box_shadow_vertical=\u00bb-20px\u00bb box_shadow_blur=\u00bb39px\u00bb box_shadow_color=\u00bbrgba(0,0,0,0.06)\u00bb locked=\u00bboff\u00bb global_colors_info=\u00bb{}\u00bb][et_pb_row make_equal=\u00bbon\u00bb _builder_version=\u00bb4.23.1&#8243; _module_preset=\u00bbdefault\u00bb custom_padding=\u00bb0px|||||\u00bb global_colors_info=\u00bb{}\u00bb][et_pb_column type=\u00bb4_4&#8243; _builder_version=\u00bb4.23.1&#8243; _module_preset=\u00bbdefault\u00bb global_colors_info=\u00bb{}\u00bb][et_pb_text _builder_version=\u00bb4.23.1&#8243; _module_preset=\u00bbdefault\u00bb header_2_font=\u00bb|800||on|||||\u00bb header_2_text_align=\u00bbcenter\u00bb header_2_text_color=\u00bb#AFAFAF\u00bb header_2_font_size=\u00bb67px\u00bb header_2_letter_spacing=\u00bb3px\u00bb custom_margin=\u00bb||||false|false\u00bb animation_style=\u00bbzoom\u00bb header_2_font_size_tablet=\u00bb57px\u00bb header_2_font_size_phone=\u00bb28px\u00bb header_2_font_size_last_edited=\u00bbon|phone\u00bb global_colors_info=\u00bb{}\u00bb]<\/p>\n<h2>Emprendimiento Tur\u00edstico Ornitol\u00f3gico <strong>Humamarca<\/strong><\/h2>\n<p>[\/et_pb_text][et_pb_text _builder_version=\u00bb4.23.1&#8243; _module_preset=\u00bbdefault\u00bb text_font=\u00bb||||||||\u00bb text_text_color=\u00bb#5E5E5E\u00bb text_font_size=\u00bb18px\u00bb text_orientation=\u00bbcenter\u00bb global_colors_info=\u00bb{}\u00bb]<\/p>\n<p><strong>Humamarca<\/strong> \u2013que en Aimara significa \u201ctierra de agua\u201d\u2013 se encuentra a orillas del lago Titicaca, es una peque\u00f1a comunidad situada en el cant\u00f3n Pillapi San Agust\u00edn a solo 15 minutos de Tiwanaku. La presencia de totorales y el estado de conservaci\u00f3n de sus recursos h\u00eddricos lo convierten en un h\u00e1bitat ideal, para que las aves puedan reproducirse y alimentarse. Inventarios de avifauna han registrado 69 especie en esta regi\u00f3n andina<\/p>\n<p>[\/et_pb_text][\/et_pb_column][\/et_pb_row][et_pb_row _builder_version=\u00bb4.27.5&#8243; _module_preset=\u00bbdefault\u00bb hover_enabled=\u00bb0&#8243; global_colors_info=\u00bb{}\u00bb column_structure=\u00bb1_5,3_5,1_5&#8243; sticky_enabled=\u00bb0&#8243;][et_pb_column type=\u00bb1_5&#8243; _builder_version=\u00bb4.23.1&#8243; _module_preset=\u00bbdefault\u00bb global_colors_info=\u00bb{}\u00bb][\/et_pb_column][et_pb_column type=\u00bb3_5&#8243; _builder_version=\u00bb4.23.1&#8243; _module_preset=\u00bbdefault\u00bb global_colors_info=\u00bb{}\u00bb][et_pb_gallery _builder_version=\u00bb4.27.5&#8243; _module_preset=\u00bbdefault\u00bb gallery_ids=\u00bb1031,1694,1695,1696&#8243; fullwidth=\u00bbon\u00bb border_radii=\u00bbon|45px|45px|45px|45px\u00bb scroll_blur_enable=\u00bbon\u00bb hover_enabled=\u00bb0&#8243; sticky_enabled=\u00bb0&#8243; scroll_scaling_enable=\u00bbon\u00bb pagination_text_color=\u00bb#FFFFFF\u00bb auto=\u00bbon\u00bb][\/et_pb_gallery][\/et_pb_column][et_pb_column type=\u00bb1_5&#8243; _builder_version=\u00bb4.23.1&#8243; _module_preset=\u00bbdefault\u00bb global_colors_info=\u00bb{}\u00bb][\/et_pb_column][\/et_pb_row][et_pb_row column_structure=\u00bb1_4,1_2,1_4&#8243; _builder_version=\u00bb4.23.1&#8243; _module_preset=\u00bbdefault\u00bb global_colors_info=\u00bb{}\u00bb][et_pb_column type=\u00bb1_4&#8243; _builder_version=\u00bb4.23.1&#8243; _module_preset=\u00bbdefault\u00bb global_colors_info=\u00bb{}\u00bb][\/et_pb_column][et_pb_column type=\u00bb1_2&#8243; _builder_version=\u00bb4.23.1&#8243; _module_preset=\u00bbdefault\u00bb global_colors_info=\u00bb{}\u00bb][et_pb_image src=\u00bbhttps:\/\/tiwanakuturismo.com\/wp-content\/uploads\/2023\/12\/zambullidor_del_titicaca.jpg\u00bb title_text=\u00bbZambullidor del Titicaca\u00bb _builder_version=\u00bb4.27.5&#8243; _module_preset=\u00bbdefault\u00bb width=\u00bb42%\u00bb width_tablet=\u00bb42%\u00bb width_phone=\u00bb42%\u00bb width_last_edited=\u00bbon|tablet\u00bb module_alignment=\u00bbcenter\u00bb scroll_horizontal_motion_enable=\u00bbon\u00bb scroll_rotating_enable=\u00bbon\u00bb scroll_rotating=\u00bb0|39|39|100|-90\u00b0|0|0&#8243; hover_enabled=\u00bb0&#8243; global_colors_info=\u00bb{}\u00bb sticky_enabled=\u00bb0&#8243;][\/et_pb_image][et_pb_text _builder_version=\u00bb4.23.1&#8243; _module_preset=\u00bbdefault\u00bb text_font=\u00bb||||||||\u00bb text_font_size=\u00bb18px\u00bb header_4_font=\u00bbMontserrat|700||on|||||\u00bb header_4_text_color=\u00bb#AFAFAF\u00bb header_4_font_size=\u00bb22px\u00bb header_4_letter_spacing=\u00bb7px\u00bb text_orientation=\u00bbcenter\u00bb global_colors_info=\u00bb{}\u00bb]<\/p>\n<h4>zambullidor del Titicaca<\/h4>\n<p>Una de las especies m\u00e1s importantes es el <strong>zambullidor del Titicaca<\/strong> <em>(Rollandia microptera)<\/em>. Localmente conocido como <strong>Ke\u00f1u<\/strong> y es una especie en peligro de extinci\u00f3n.<\/p>\n<p>Tambi\u00e9n se encuentra la pariguana, una especie amenazada ya sus poblaciones est\u00e1n disminuyendo r\u00e1pidamente, y la gallereta gigante que se encuentra en estado vulnerable.<\/p>\n<p>[\/et_pb_text][\/et_pb_column][et_pb_column type=\u00bb1_4&#8243; _builder_version=\u00bb4.23.1&#8243; _module_preset=\u00bbdefault\u00bb global_colors_info=\u00bb{}\u00bb][\/et_pb_column][\/et_pb_row][\/et_pb_section][et_pb_section fb_built=\u00bb1&#8243; _builder_version=\u00bb4.27.5&#8243; _module_preset=\u00bbdefault\u00bb hover_enabled=\u00bb0&#8243; global_colors_info=\u00bb{}\u00bb title_text=\u00bbHumamarca-5&#8243; background_image=\u00bbhttps:\/\/tiwanakuturismo.com\/wp-content\/uploads\/2025\/12\/Humamarca-5.jpg\u00bb sticky_enabled=\u00bb0&#8243; top_divider_style=\u00bbwave\u00bb bottom_divider_style=\u00bbwave\u00bb bottom_divider_flip=\u00bbhorizontal\u00bb prev_background_color=\u00bb#ffffff\u00bb next_background_color=\u00bb#ffffff\u00bb][et_pb_row column_structure=\u00bb1_3,2_3&#8243; use_custom_gutter=\u00bbon\u00bb gutter_width=\u00bb1&#8243; _builder_version=\u00bb4.23.1&#8243; _module_preset=\u00bbdefault\u00bb global_colors_info=\u00bb{}\u00bb][et_pb_column type=\u00bb1_3&#8243; _builder_version=\u00bb4.23.1&#8243; _module_preset=\u00bbdefault\u00bb global_colors_info=\u00bb{}\u00bb][et_pb_divider color=\u00bb#FFFFFF\u00bb divider_weight=\u00bb7px\u00bb _builder_version=\u00bb4.27.5&#8243; _module_preset=\u00bbdefault\u00bb transform_translate=\u00bb-300px|70px\u00bb transform_translate_linked=\u00bboff\u00bb width=\u00bb45%\u00bb module_alignment=\u00bbleft\u00bb custom_margin=\u00bb||||false|false\u00bb custom_padding=\u00bb||||false|false\u00bb hover_enabled=\u00bb0&#8243; global_colors_info=\u00bb{}\u00bb sticky_enabled=\u00bb0&#8243;][\/et_pb_divider][et_pb_text _builder_version=\u00bb4.27.5&#8243; _module_preset=\u00bbdefault\u00bb header_2_font=\u00bb|800||on|||||\u00bb header_2_text_align=\u00bbleft\u00bb header_2_text_color=\u00bb#FFFFFF\u00bb header_2_font_size=\u00bb68px\u00bb custom_margin=\u00bb||||false|false\u00bb animation_style=\u00bbzoom\u00bb hover_enabled=\u00bb0&#8243; header_2_font_size_tablet=\u00bb\u00bb header_2_font_size_phone=\u00bb50px\u00bb header_2_font_size_last_edited=\u00bbon|phone\u00bb global_colors_info=\u00bb{}\u00bb custom_padding=\u00bb||46px|||\u00bb text_text_color=\u00bb#FFFFFF\u00bb sticky_enabled=\u00bb0&#8243; header_2_text_shadow_style=\u00bbpreset1&#8243;]<\/p>\n<h2>Visita el mirador<\/h2>\n<p>[\/et_pb_text][et_pb_text _builder_version=\u00bb4.27.5&#8243; _module_preset=\u00bbdefault\u00bb text_font=\u00bb||||||||\u00bb text_font_size=\u00bb20px\u00bb hover_enabled=\u00bb0&#8243; global_colors_info=\u00bb{}\u00bb text_text_color=\u00bb#FFFFFF\u00bb sticky_enabled=\u00bb0&#8243; text_text_shadow_style=\u00bbpreset3&#8243; custom_padding=\u00bb||40px|||\u00bb]<\/p>\n<p>Las personas que quieran conocer la comunidad podr\u00e1n visitar el mirador de aves que est\u00e1 en medio del lago Titicaca con el acompa\u00f1amiento de gu\u00edas locales capacitados en ornitolog\u00eda. Desde este all\u00ed tendr\u00e1n oportunidad de observar una variedad de aves nativas y otras migrantes (de acuerdo a la \u00e9poca del a\u00f1o) <strong>Reservaci\u00f3n con anticipaci\u00f3n.<\/strong><\/p>\n<p>[\/et_pb_text][et_pb_button button_url=\u00bb@ET-DC@eyJkeW5hbWljIjp0cnVlLCJjb250ZW50IjoicG9zdF9saW5rX3VybF9wYWdlIiwic2V0dGluZ3MiOnsicG9zdF9pZCI6IjgyOSJ9fQ==@\u00bb button_text=\u00bbPLANIFICA TU VIAJE AHORA\u00bb button_alignment=\u00bbleft\u00bb _builder_version=\u00bb4.27.5&#8243; _dynamic_attributes=\u00bbbutton_url\u00bb _module_preset=\u00bbdefault\u00bb custom_button=\u00bbon\u00bb button_text_size=\u00bb18px\u00bb button_text_color=\u00bb#FFFFFF\u00bb button_border_width=\u00bb1px\u00bb button_border_radius=\u00bb28px\u00bb button_font=\u00bb|300|||||||\u00bb custom_margin_tablet=\u00bb\u00bb custom_margin_phone=\u00bb|20px||20px|false|true\u00bb custom_margin_last_edited=\u00bbon|phone\u00bb hover_enabled=\u00bb0&#8243; global_colors_info=\u00bb{}\u00bb locked=\u00bboff\u00bb sticky_enabled=\u00bb0&#8243;][\/et_pb_button][\/et_pb_column][et_pb_column type=\u00bb2_3&#8243; _builder_version=\u00bb4.23.1&#8243; _module_preset=\u00bbdefault\u00bb global_colors_info=\u00bb{}\u00bb][et_pb_image src=\u00bbhttps:\/\/tiwanakuturismo.com\/wp-content\/uploads\/2023\/12\/edicion-2.0.jpg\u00bb title_text=\u00bbObservaci\u00f3n de aves\u00bb _builder_version=\u00bb4.27.5&#8243; _module_preset=\u00bbdefault\u00bb width=\u00bb78%\u00bb module_alignment=\u00bbright\u00bb scroll_vertical_motion_enable=\u00bbon\u00bb scroll_blur_enable=\u00bbon\u00bb hover_enabled=\u00bb0&#8243; border_radii=\u00bbon|55px|55px|55px|55px\u00bb locked=\u00bboff\u00bb global_colors_info=\u00bb{}\u00bb custom_padding=\u00bb39px|||||\u00bb box_shadow_style=\u00bbpreset2&#8243; sticky_enabled=\u00bb0&#8243;][\/et_pb_image][\/et_pb_column][\/et_pb_row][\/et_pb_section][et_pb_section fb_built=\u00bb1&#8243; _builder_version=\u00bb4.27.5&#8243; _module_preset=\u00bbdefault\u00bb hover_enabled=\u00bb0&#8243; global_colors_info=\u00bb{}\u00bb sticky_enabled=\u00bb0&#8243;][et_pb_row column_structure=\u00bb1_2,1_2&#8243; _builder_version=\u00bb4.23.1&#8243; _module_preset=\u00bbdefault\u00bb global_colors_info=\u00bb{}\u00bb][et_pb_column type=\u00bb1_2&#8243; _builder_version=\u00bb4.23.1&#8243; _module_preset=\u00bbdefault\u00bb global_colors_info=\u00bb{}\u00bb][et_pb_image src=\u00bbhttps:\/\/tiwanakuturismo.com\/wp-content\/uploads\/2023\/12\/flamencos2.00.png\u00bb title_text=\u00bbOrnitolog\u00eda &#8211; Flamencos\u00bb _builder_version=\u00bb4.23.1&#8243; _module_preset=\u00bbdefault\u00bb width_tablet=\u00bb40%\u00bb width_phone=\u00bb40%\u00bb width_last_edited=\u00bbon|tablet\u00bb module_alignment=\u00bbcenter\u00bb scroll_horizontal_motion_enable=\u00bbon\u00bb scroll_blur_enable=\u00bbon\u00bb border_radii=\u00bbon|45px|45px|45px|45px\u00bb global_colors_info=\u00bb{}\u00bb][\/et_pb_image][\/et_pb_column][et_pb_column type=\u00bb1_2&#8243; _builder_version=\u00bb4.23.1&#8243; _module_preset=\u00bbdefault\u00bb global_colors_info=\u00bb{}\u00bb][et_pb_divider color=\u00bb#7B833C\u00bb divider_weight=\u00bb7px\u00bb _builder_version=\u00bb4.23.1&#8243; _module_preset=\u00bbdefault\u00bb transform_translate=\u00bb300px|70px\u00bb transform_translate_linked=\u00bboff\u00bb width=\u00bb55%\u00bb width_tablet=\u00bb47%\u00bb width_phone=\u00bb47%\u00bb width_last_edited=\u00bbon|tablet\u00bb module_alignment=\u00bbright\u00bb custom_margin=\u00bb||||false|false\u00bb custom_padding=\u00bb||||false|false\u00bb global_colors_info=\u00bb{}\u00bb][\/et_pb_divider][et_pb_text _builder_version=\u00bb4.23.1&#8243; _module_preset=\u00bbdefault\u00bb header_2_font=\u00bb|800||on|||||\u00bb header_2_text_align=\u00bbright\u00bb header_2_text_color=\u00bb#AFAFAF\u00bb header_2_font_size=\u00bb68px\u00bb custom_margin=\u00bb||||false|false\u00bb animation_style=\u00bbzoom\u00bb header_2_font_size_tablet=\u00bb\u00bb header_2_font_size_phone=\u00bb50px\u00bb header_2_font_size_last_edited=\u00bbon|phone\u00bb global_colors_info=\u00bb{}\u00bb]<\/p>\n<h2>GU\u00cdA DE AVES<\/h2>\n<p>[\/et_pb_text][et_pb_text _builder_version=\u00bb4.23.1&#8243; _module_preset=\u00bbdefault\u00bb text_font=\u00bb||||||||\u00bb text_font_size=\u00bb19px\u00bb text_orientation=\u00bbright\u00bb global_colors_info=\u00bb{}\u00bb]<\/p>\n<p>Descarga una Gu\u00eda completa de Aves existentes por la zona del lago Titicaca y Tiwanaku<\/p>\n<p>[\/et_pb_text][et_pb_button button_url=\u00bbhttps:\/\/tiwanakuturismo.com\/wp-content\/uploads\/2024\/02\/Guia-de-aves.pdf\u00bb button_text=\u00bbDESCARGAR GU\u00cdA\u00bb button_alignment=\u00bbright\u00bb _builder_version=\u00bb4.24.2&#8243; _module_preset=\u00bbdefault\u00bb custom_button=\u00bbon\u00bb button_text_size=\u00bb18px\u00bb button_text_color=\u00bb#EFEFEF\u00bb button_bg_color=\u00bb#C24127&#8243; button_border_width=\u00bb0px\u00bb button_border_radius=\u00bb26px\u00bb button_font=\u00bb|||on|||||\u00bb global_colors_info=\u00bb{}\u00bb][\/et_pb_button][\/et_pb_column][\/et_pb_row][\/et_pb_section][et_pb_section fb_built=\u00bb1&#8243; _builder_version=\u00bb4.23.1&#8243; _module_preset=\u00bbdefault\u00bb background_color=\u00bb#020202&#8243; background_video_mp4=\u00bbhttps:\/\/tiwanakuturismo.com\/wp-content\/uploads\/2023\/12\/lagotiticaca.mp4&#8243; background_enable_video_webm=\u00bboff\u00bb background_video_width=\u00bb100&#8243; background_video_height=\u00bb30&#8243; width=\u00bb93%\u00bb max_width=\u00bb100%\u00bb min_height_tablet=\u00bb\u00bb min_height_phone=\u00bb\u00bb min_height_last_edited=\u00bbon|phone\u00bb height=\u00bb89vh\u00bb height_tablet=\u00bb89vh\u00bb height_phone=\u00bb89vh\u00bb height_last_edited=\u00bbon|phone\u00bb max_height=\u00bb742px\u00bb max_height_tablet=\u00bb742px\u00bb max_height_phone=\u00bb\u00bb max_height_last_edited=\u00bbon|phone\u00bb custom_margin=\u00bb|55px||55px|true|true\u00bb custom_margin_tablet=\u00bb|55px||55px|true|true\u00bb custom_margin_phone=\u00bb|0px||0px|true|true\u00bb custom_margin_last_edited=\u00bbon|phone\u00bb custom_padding=\u00bb||||false|false\u00bb border_radii=\u00bbon|100px|100px|100px|100px\u00bb border_width_all=\u00bb41px\u00bb border_color_all=\u00bb#FFFFFF\u00bb locked=\u00bboff\u00bb global_colors_info=\u00bb{}\u00bb][et_pb_row column_structure=\u00bb3_5,2_5&#8243; make_equal=\u00bbon\u00bb _builder_version=\u00bb4.23.1&#8243; _module_preset=\u00bbdefault\u00bb width=\u00bb100%\u00bb max_width=\u00bb100%\u00bb global_colors_info=\u00bb{}\u00bb][et_pb_column type=\u00bb3_5&#8243; _builder_version=\u00bb4.23.1&#8243; _module_preset=\u00bbdefault\u00bb global_colors_info=\u00bb{}\u00bb][\/et_pb_column][et_pb_column type=\u00bb2_5&#8243; _builder_version=\u00bb4.23.1&#8243; _module_preset=\u00bbdefault\u00bb global_colors_info=\u00bb{}\u00bb][et_pb_text _builder_version=\u00bb4.23.1&#8243; _module_preset=\u00bbdefault\u00bb text_font=\u00bb|300|||||||\u00bb text_text_color=\u00bb#FFFFFF\u00bb text_font_size=\u00bb21px\u00bb header_3_font=\u00bb|||on|||||\u00bb header_3_text_color=\u00bb#FFFFFF\u00bb header_3_font_size=\u00bb41px\u00bb header_3_line_height=\u00bb1.5em\u00bb text_orientation=\u00bbcenter\u00bb custom_margin=\u00bb-52px||||false|false\u00bb animation_style=\u00bbnone\u00bb scroll_fade_enable=\u00bbon\u00bb scroll_scaling_enable=\u00bbon\u00bb scroll_blur_enable=\u00bbon\u00bb header_3_font_size_tablet=\u00bb41px\u00bb header_3_font_size_phone=\u00bb30px\u00bb header_3_font_size_last_edited=\u00bbon|phone\u00bb global_colors_info=\u00bb{}\u00bb]<\/p>\n<h3>Lago Titicaca<\/h3>\n<p>Descubre el <strong>tesoro escondido de los Andes<\/strong>.<br \/>Con\u00e9ctate con las aves y toda la naturaleza.<\/p>\n<p>[\/et_pb_text][et_pb_button button_url=\u00bb@ET-DC@eyJkeW5hbWljIjp0cnVlLCJjb250ZW50IjoicG9zdF9saW5rX3VybF9wYWdlIiwic2V0dGluZ3MiOnsicG9zdF9pZCI6IjgyOSJ9fQ==@\u00bb button_text=\u00bbPLANIFICA TU VIAJE AHORA\u00bb button_alignment=\u00bbcenter\u00bb _builder_version=\u00bb4.23.1&#8243; _dynamic_attributes=\u00bbbutton_url\u00bb _module_preset=\u00bbdefault\u00bb custom_button=\u00bbon\u00bb button_text_size=\u00bb18px\u00bb button_text_color=\u00bb#FFFFFF\u00bb button_border_width=\u00bb1px\u00bb button_border_radius=\u00bb28px\u00bb button_font=\u00bb|300|||||||\u00bb custom_margin_tablet=\u00bb\u00bb custom_margin_phone=\u00bb|20px||20px|false|true\u00bb custom_margin_last_edited=\u00bbon|phone\u00bb global_colors_info=\u00bb{}\u00bb][\/et_pb_button][\/et_pb_column][\/et_pb_row][\/et_pb_section][et_pb_section fb_built=\u00bb1&#8243; _builder_version=\u00bb4.23.1&#8243; _module_preset=\u00bbdefault\u00bb background_image=\u00bbhttps:\/\/tiwanakuturismo.com\/wp-content\/uploads\/2023\/12\/base2.0.png\u00bb background_position=\u00bbtop_center\u00bb custom_padding=\u00bb150px|||||\u00bb global_colors_info=\u00bb{}\u00bb][et_pb_row column_structure=\u00bb1_3,1_3,1_3&#8243; use_custom_gutter=\u00bbon\u00bb gutter_width=\u00bb1&#8243; make_equal=\u00bbon\u00bb _builder_version=\u00bb4.23.1&#8243; _module_preset=\u00bbdefault\u00bb width=\u00bb100%\u00bb max_width=\u00bb100%\u00bb module_alignment=\u00bbcenter\u00bb custom_padding=\u00bb117px|||||\u00bb global_colors_info=\u00bb{}\u00bb][et_pb_column type=\u00bb1_3&#8243; _builder_version=\u00bb4.23.1&#8243; _module_preset=\u00bbdefault\u00bb global_colors_info=\u00bb{}\u00bb][\/et_pb_column][et_pb_column type=\u00bb1_3&#8243; _builder_version=\u00bb4.23.1&#8243; _module_preset=\u00bbdefault\u00bb global_colors_info=\u00bb{}\u00bb][et_pb_blurb title=\u00bbINFORMACION TUR\u00cdSTICA OFICINA MUNICIPAL DE TURISMO\u00bb use_icon=\u00bbon\u00bb font_icon=\u00bb&#xf05a;||fa||900&#8243; icon_color=\u00bb#FFFFFF\u00bb image_icon_background_color=\u00bbRGBA(255,255,255,0)\u00bb icon_placement=\u00bbleft\u00bb image_icon_width=\u00bb29px\u00bb _builder_version=\u00bb4.27.5&#8243; _module_preset=\u00bbdefault\u00bb header_font=\u00bbMontserrat|700||on|||||\u00bb header_text_color=\u00bb#FFFFFF\u00bb body_font=\u00bb||||||||\u00bb body_text_color=\u00bb#FFFFFF\u00bb body_font_size=\u00bb16px\u00bb body_link_font=\u00bb|800|||on||||\u00bb body_link_text_color=\u00bb#FFFFFF\u00bb global_module=\u00bb1103&#8243; locked=\u00bboff\u00bb global_colors_info=\u00bb{}\u00bb]<\/p>\n<p><strong>Direcci\u00f3n:<\/strong> Alcald\u00eda Municipal, frente a la plaza principal<br \/>Atenci\u00f3n de lunes a viernes 08:00 a 12:00 hrs \u2013 14:30 a 18:30 hrs.<br \/><strong>Tel\u00e9fono:<\/strong> (+591) 2895102, (+591) 74077252<br \/><a href=\"https:\/\/tiahuanacu.gob.bo\" target=\"_blank\" rel=\"noopener\">https:\/\/tiahuanacu.gob.bo<\/a><\/p>\n<p>[\/et_pb_blurb][\/et_pb_column][et_pb_column type=\u00bb1_3&#8243; _builder_version=\u00bb4.23.1&#8243; _module_preset=\u00bbdefault\u00bb global_colors_info=\u00bb{}\u00bb][\/et_pb_column][\/et_pb_row][\/et_pb_section]<\/p>\n","protected":false},"excerpt":{"rendered":"<p>\u00bfQu\u00e9 aves existen en el altiplano boliviano?<br \/>\nVisite Tiwanaku y el Lago Titicaca. Existe una amplia variedad de aves y es posible observarlas junto a gu\u00edas locales.<br \/>\nPlanifique su viaje aqu\u00ed<\/p>\n","protected":false},"author":1,"featured_media":1031,"parent":0,"menu_order":0,"comment_status":"closed","ping_status":"closed","template":"page-template-blank.php","meta":{"_et_pb_use_builder":"on","_et_pb_old_content":"","_et_gb_content_width":"","footnotes":""},"class_list":["post-64","page","type-page","status-publish","has-post-thumbnail","hentry"],"_links":{"self":[{"href":"https:\/\/tiwanakuturismo.com\/index.php\/wp-json\/wp\/v2\/pages\/64","targetHints":{"allow":["GET"]}}],"collection":[{"href":"https:\/\/tiwanakuturismo.com\/index.php\/wp-json\/wp\/v2\/pages"}],"about":[{"href":"https:\/\/tiwanakuturismo.com\/index.php\/wp-json\/wp\/v2\/types\/page"}],"author":[{"embeddable":true,"href":"https:\/\/tiwanakuturismo.com\/index.php\/wp-json\/wp\/v2\/users\/1"}],"replies":[{"embeddable":true,"href":"https:\/\/tiwanakuturismo.com\/index.php\/wp-json\/wp\/v2\/comments?post=64"}],"version-history":[{"count":50,"href":"https:\/\/tiwanakuturismo.com\/index.php\/wp-json\/wp\/v2\/pages\/64\/revisions"}],"predecessor-version":[{"id":1709,"href":"https:\/\/tiwanakuturismo.com\/index.php\/wp-json\/wp\/v2\/pages\/64\/revisions\/1709"}],"wp:featuredmedia":[{"embeddable":true,"href":"https:\/\/tiwanakuturismo.com\/index.php\/wp-json\/wp\/v2\/media\/1031"}],"wp:attachment":[{"href":"https:\/\/tiwanakuturismo.com\/index.php\/wp-json\/wp\/v2\/media?parent=64"}],"curies":[{"name":"wp","href":"https:\/\/api.w.org\/{rel}","templated":true}]}}